{"id":1180,"date":"2023-10-12T13:56:21","date_gmt":"2023-10-12T11:56:21","guid":{"rendered":"https:\/\/www.bibitri.at\/booksellers\/"},"modified":"2024-02-27T16:45:16","modified_gmt":"2024-02-27T15:45:16","slug":"booksellers","status":"publish","type":"page","link":"https:\/\/www.bibitri.at\/en\/booksellers\/","title":{"rendered":"Booksellers"},"content":{"rendered":"\n<h1 class=\"wp-block-heading\">Booksellers &amp; Libraries<\/h1>\n\n<h2 class=\"wp-block-heading\">Carinthia<\/h2>\n\n<figure class=\"wp-block-table is-style-regular\"><table class=\"has-fixed-layout\"><tbody><tr><td>9500<\/td><td>Villach<\/td><td><a href=\"https:\/\/www.thalia.at\/\" target=\"_blank\" rel=\"noreferrer noopener\">Thalia Atrio<\/a><\/td><td>K\u00e4rntner Stra\u00dfe 34<\/td><\/tr><tr><td>9500<\/td><td>Villach<\/td><td><a href=\"https:\/\/www.thalia.at\/\" target=\"_blank\" rel=\"noreferrer noopener\">Thalia Hauptplatz<\/a><\/td><td>Hauptplatz 4<\/td><\/tr><tr><td>9500<\/td><td>Villach<\/td><td><a href=\"https:\/\/www.morawa.at\/\" target=\"_blank\" rel=\"noreferrer noopener\">Morawa K\u00e4rntner Buchhandlung<\/a><\/td><td>8.-Mai-Platz 3<\/td><\/tr><tr><td>9601<\/td><td>Arnoldstein<\/td><td><a href=\"https:\/\/www.baernd.at\/\" target=\"_blank\" rel=\"noreferrer noopener\">B\u00e4rnd Buch&amp;Blatt<\/a><\/td><td>K\u00e4rntner Stra\u00dfe 35<\/td><\/tr><tr><td>9620<\/td><td>Hermagor<\/td><td><a href=\"https:\/\/www.buch-papier-eder.at\/\" target=\"_blank\" rel=\"noreferrer noopener\">Buch Papier Eder<\/a><\/td><td>Hauptstra\u00dfe 7<\/td><\/tr><tr><td>9800<\/td><td>Spittal an der Drau<\/td><td><a href=\"https:\/\/www.morawa.at\/\" target=\"_blank\" rel=\"noreferrer noopener\">Morawa Spittaler Stadtbuchhandlung<\/a><\/td><td>Tirolerstra\u00dfe 12<\/td><\/tr><tr><td>9232<\/td><td>Fr\u00f6g bei Rosegg<\/td><td><a href=\"https:\/\/www.keltenwelt.at\" target=\"_blank\" rel=\"noreferrer noopener\">Keltenwelt Fr\u00f6g<\/a><\/td><td>Bergweg 22<\/td><\/tr><tr><td>9020<\/td><td>Klagenfurt<\/td><td><a href=\"https:\/\/www.heyn.at\/\" target=\"_blank\" rel=\"noreferrer noopener\">Heyn<\/a><\/td><td>Kramergasse 2-4<\/td><\/tr><tr><td>9020<\/td><td>Klagenfurt<\/td><td><a href=\"https:\/\/www.morawa.at\/\" target=\"_blank\" rel=\"noreferrer noopener\">Morawa K\u00e4rntner Buchhandlung<\/a><\/td><td>Wiesbadener Stra\u00dfe 5<\/td><\/tr><tr><td>9020<\/td><td>Klagenfurt<\/td><td><a href=\"https:\/\/www.hacek.at\/\" target=\"_blank\" rel=\"noreferrer noopener\">HACEK \u2013 b\u00fccher.sprachen.kulturen<\/a><\/td><td>Paulitschgasse 5-7<\/td><\/tr><tr><td>9400<\/td><td>Wolfsberg<\/td><td><a href=\"https:\/\/www.kbuch.at\/\" target=\"_blank\" rel=\"noreferrer noopener\">K\u00e4rntner Buchhandlung<\/a><\/td><td>Bahnhofplatz 3<\/td><\/tr><\/tbody><\/table><\/figure>\n\n<h2 class=\"wp-block-heading\">Styria<\/h2>\n\n<figure class=\"wp-block-table\"><table class=\"has-fixed-layout\"><tbody><tr><td>8010<\/td><td>Graz<\/td><td><a href=\"https:\/\/www.morawa.at\" target=\"_blank\" rel=\"noreferrer noopener\">Morawa Moser<\/a><\/td><td>Am Eisernen Tor 1<\/td><\/tr><tr><td>8010<\/td><td>Graz<\/td><td><a href=\"https:\/\/www.avalon.co.at\/\" target=\"_blank\" rel=\"noreferrer noopener\">Avalon<\/a><\/td><td>Reitschulgasse 6<\/td><\/tr><tr><td>8010<\/td><td>Graz<\/td><td><a href=\"https:\/\/www.jakominiviertel.at\/der-buecherwolf\/\" target=\"_blank\" rel=\"noreferrer noopener\">B\u00fccherwolf, Mag. Wolfgang Wagner<\/a><\/td><td>Jakoministra\u00dfe 9<\/td><\/tr><tr><td>8041<\/td><td>Graz<\/td><td><a href=\"https:\/\/www.thalia.at\/\" target=\"_blank\" rel=\"noreferrer noopener\">Thalia Murpark<\/a><\/td><td>Ostbahnstra\u00dfe 3<\/td><\/tr><tr><td>8055<\/td><td>Seiersberg<\/td><td><a href=\"https:\/\/www.morawa.at\" target=\"_blank\" rel=\"noreferrer noopener\">Morawa Seiersberg<\/a><\/td><td>Shoppingcity Seiersberg, Top 2\/2\/12<\/td><\/tr><\/tbody><\/table><\/figure>\n\n<h2 class=\"wp-block-heading\">Vienna<\/h2>\n\n<figure class=\"wp-block-table\"><table class=\"has-fixed-layout\"><tbody><tr><td>1010<\/td><td>Vienna<\/td><td><a href=\"http:\/\/www.leobuch.at\">Franz Leo &amp; Comp.<\/a><\/td><td>Lichtensteg 1<\/td><\/tr><tr><td>1010<\/td><td>Vienna<\/td><td><a href=\"http:\/\/www.morawa.at\">Morawa Wollzeile<\/a><\/td><td>Wollzeile 11<\/td><\/tr><tr><td>1010<\/td><td>Vienna<\/td><td><a href=\"http:\/\/www.facultas.at\/stephansplatz\">Dombuchhandlung<\/a><\/td><td>Stephansplatz 5<\/td><\/tr><tr><td>1010<\/td><td>Vienna<\/td><td><a href=\"http:\/\/www.tyrolia.at\">Tyrolia Buch Wien<\/a><\/td><td>Stephansplatz 5<\/td><\/tr><tr><td>1010<\/td><td>Vienna<\/td><td><a href=\"http:\/\/www.herder.at\">Herder, Zach-Buch<\/a><\/td><td>Wollzeile 33<\/td><\/tr><tr><td>1010<\/td><td>Vienna<\/td><td><a href=\"http:\/\/www.buchhandlung777.at\">Buchhandlung 777<\/a><\/td><td>Domgasse 8<\/td><\/tr><tr><td>1010<\/td><td>Vienna<\/td><td><a href=\"http:\/\/www.freytagberndt.at\">Freytag &amp; Berndt<\/a><\/td><td>Wallnerstra\u00dfe 3<\/td><\/tr><tr><td>1010<\/td><td>Vienna<\/td><td><a href=\"http:\/\/www.thalia.at\">Thalia Kuppitsch<\/a><\/td><td>Schottengasse 4<\/td><\/tr><tr><td>1060<\/td><td>Vienna<\/td><td><a href=\"http:\/\/www.thalia.at\">Thalia <\/a><\/td><td>Mariahilfer Stra\u00dfe 99<\/td><\/tr><tr><td>1080<\/td><td>Vienna<\/td><td><a href=\"https:\/\/erlk%C3%B6nig.at\">Buchhandlung Erlk\u00f6nig<\/a><\/td><td>Strozzigasse 19<\/td><\/tr><tr><td>1090<\/td><td>Vienna<\/td><td><a href=\"http:\/\/www.buchhandlunglist.at\">Buchhandlung List<\/a><\/td><td>Porzellangasse 36\/23<\/td><\/tr><tr><td>1190<\/td><td>Vienna<\/td><td><a href=\"http:\/\/www.stoegerbuch.at\">St\u00f6ger Leporello<\/a><\/td><td>Obkirchergasse 43<\/td><\/tr><tr><td>1130<\/td><td>Vienna<\/td><td><a href=\"https:\/\/www.graetzlbuchhandlung-lainz.at\">Gr\u00e4tzlbuchhandlung<\/a><\/td><td>Lainzer Stra\u00dfe 141<\/td><\/tr><\/tbody><\/table><\/figure>\n\n<h2 class=\"wp-block-heading\">Friuli<\/h2>\n\n<figure class=\"wp-block-table\"><table class=\"has-fixed-layout\"><tbody><tr><td>34131<\/td><td>Trieste<\/td><td><a href=\"https:\/\/www.nsb.it\" target=\"_blank\" rel=\"noreferrer noopener\">Nero Su Bianco<\/a><\/td><td>Via Oriani 4\/b<\/td><\/tr><tr><td>34125<\/td><td>Trieste<\/td><td><a href=\"https:\/\/www.librerielovat.com\" target=\"_blank\" rel=\"noreferrer noopener\">LOVAT<\/a><\/td><td>Viale Venti Settembre, 20<\/td><\/tr><tr><td>34121<\/td><td>Trieste<\/td><td><a href=\"https:\/\/www.libreria-minerva.it\" target=\"_blank\" rel=\"noreferrer noopener\">Minerva<\/a><\/td><td>Via San Nicolo, 20<\/td><\/tr><tr><td>34121<\/td><td>Trieste<\/td><td><a href=\"https:\/\/trieste.ubiklibri.it\/home.html\" target=\"_blank\" rel=\"noreferrer noopener\">Ubik, Galleria Tergesteo<\/a><\/td><td>Piazza della Borsa, 15<\/td><\/tr><tr><td>34074<\/td><td>Monfalcone<\/td><td><a href=\"https:\/\/monfalconerinascita.ubiklibri.it\/home.html\" target=\"_blank\" rel=\"noreferrer noopener\">Ubik Rinascita<\/a><\/td><td>Viale San Marco, 29<\/td><\/tr><tr><td>34170<\/td><td>Gorizia<\/td><td><a href=\"https:\/\/www.letsgo.gorizia.it\/it\/commercianti\/libreria-voltapagina\/\" target=\"_blank\" rel=\"noreferrer noopener\">Voltapagina<\/a><\/td><td>Corso Giuseppe Verdi, 54<\/td><\/tr><tr><td>34073<\/td><td>Grado<\/td><td><a href=\"https:\/\/thomas-thomann.business.site\/\" target=\"_blank\" rel=\"noreferrer noopener\">Thomann Thomas<\/a><\/td><td>Piazza Duca d&#8217;Aosta, 8<\/td><\/tr><tr><td>33043<\/td><td>Cividale del Friuli<\/td><td>Spataro Gaetano<\/td><td>Via Carlo Alberto, 24<\/td><\/tr><tr><td>33043<\/td><td>Cividale del Friuli<\/td><td><a href=\"https:\/\/www.facebook.com\/lalibreriaboerpietro\/\" target=\"_blank\" rel=\"noreferrer noopener\">La Libreria<\/a><\/td><td>Via Alessandro Manzoni, 3<\/td><\/tr><tr><td>33100<\/td><td>Udine<\/td><td><a href=\"https:\/\/www.libreria-moderna.it\/libreria-moderna-udinese\/\" target=\"_blank\" rel=\"noreferrer noopener\">Moderna<\/a><\/td><td>Via Cavour, 13<\/td><\/tr><tr><td>33100<\/td><td>Udine<\/td><td><a href=\"https:\/\/www.libreriagaspari.it\/\" target=\"_blank\" rel=\"noreferrer noopener\">Gaspari<\/a><\/td><td>Via Vittorio Veneto, 49<\/td><\/tr><tr><td>33100<\/td><td>Udine<\/td><td><a href=\"https:\/\/www.facebook.com\/libreriatarantolaudine\/\" target=\"_blank\" rel=\"noreferrer noopener\">Ubik Tarantola<\/a><\/td><td>Via Vittorio Veneto, 20<\/td><\/tr><tr><td>33100<\/td><td>Udine<\/td><td><a href=\"https:\/\/www.facebook.com\/libreria.friuli\/\" target=\"_blank\" rel=\"noreferrer noopener\">Friuli<\/a><\/td><td>Via dei Rizzani, 1-3<\/td><\/tr><tr><td>33018<\/td><td>Tarvisio<\/td><td><a href=\"https:\/\/it-it.facebook.com\/tabaccoeditrice\/photos\/libreria-montagne-di-carta-di-tarvisio-italy\/907522932726443\/\" target=\"_blank\" rel=\"noreferrer noopener\">Montagne di Carta<\/a><\/td><td>Via Roma, 9<\/td><\/tr><\/tbody><\/table><\/figure>\n\n<h2 class=\"wp-block-heading\">Libraries<\/h2>\n\n<p>Austrian National Library Vienna <\/p>\n\n<p>University Library Uni Graz <\/p>\n\n<p>Styrian Provincial Library Graz <\/p>\n\n<p>Friuli Foundation, Cultural Heritage, Udine Library <\/p>\n\n<p>Pontebba Municipal Library<\/p>\n","protected":false},"excerpt":{"rendered":"<p>Booksellers &amp; Libraries Carinthia 9500 Villach Thalia Atrio K\u00e4rntner Stra\u00dfe 34 9500 Villach Thalia Hauptplatz Hauptplatz 4 9500 Villach Morawa K\u00e4rntner Buchhandlung 8.-Mai-Platz 3 9601 Arnoldstein B\u00e4rnd Buch&amp;Blatt K\u00e4rntner Stra\u00dfe 35 9620 Hermagor Buch Papier Eder Hauptstra\u00dfe 7 9800 Spittal an der Drau Morawa Spittaler Stadtbuchhandlung Tirolerstra\u00dfe 12 9232 Fr\u00f6g bei Rosegg Keltenwelt Fr\u00f6g Bergweg [&#8230;]\n","protected":false},"author":2,"featured_media":0,"parent":0,"menu_order":0,"comment_status":"closed","ping_status":"closed","template":"","meta":{"footnotes":""},"class_list":["post-1180","page","type-page","status-publish","hentry"],"yoast_head":"<!-- This site is optimized with the Yoast SEO plugin v27.3 - https:\/\/yoast.com\/product\/yoast-seo-wordpress\/ -->\n<title>Booksellers - bibitri Verlag<\/title>\n<meta name=\"robots\" content=\"index, follow, max-snippet:-1, max-image-preview:large, max-video-preview:-1\" \/>\n<link rel=\"canonical\" href=\"https:\/\/www.bibitri.at\/en\/booksellers\/\" \/>\n<meta property=\"og:locale\" content=\"en_US\" \/>\n<meta property=\"og:type\" content=\"article\" \/>\n<meta property=\"og:title\" content=\"Booksellers - bibitri Verlag\" \/>\n<meta property=\"og:description\" content=\"Booksellers &amp; Libraries Carinthia 9500 Villach Thalia Atrio K\u00e4rntner Stra\u00dfe 34 9500 Villach Thalia Hauptplatz Hauptplatz 4 9500 Villach Morawa K\u00e4rntner Buchhandlung 8.-Mai-Platz 3 9601 Arnoldstein B\u00e4rnd Buch&amp;Blatt K\u00e4rntner Stra\u00dfe 35 9620 Hermagor Buch Papier Eder Hauptstra\u00dfe 7 9800 Spittal an der Drau Morawa Spittaler Stadtbuchhandlung Tirolerstra\u00dfe 12 9232 Fr\u00f6g bei Rosegg Keltenwelt Fr\u00f6g Bergweg [...]\" \/>\n<meta property=\"og:url\" content=\"https:\/\/www.bibitri.at\/en\/booksellers\/\" \/>\n<meta property=\"og:site_name\" content=\"bibitri Verlag\" \/>\n<meta property=\"article:modified_time\" content=\"2024-02-27T15:45:16+00:00\" \/>\n<meta name=\"twitter:card\" content=\"summary_large_image\" \/>\n<meta name=\"twitter:label1\" content=\"Est. reading time\" \/>\n\t<meta name=\"twitter:data1\" content=\"2 minutes\" \/>\n<script type=\"application\/ld+json\" class=\"yoast-schema-graph\">{\"@context\":\"https:\\\/\\\/schema.org\",\"@graph\":[{\"@type\":\"WebPage\",\"@id\":\"https:\\\/\\\/www.bibitri.at\\\/en\\\/booksellers\\\/\",\"url\":\"https:\\\/\\\/www.bibitri.at\\\/en\\\/booksellers\\\/\",\"name\":\"Booksellers - bibitri Verlag\",\"isPartOf\":{\"@id\":\"https:\\\/\\\/www.bibitri.at\\\/en\\\/#website\"},\"datePublished\":\"2023-10-12T11:56:21+00:00\",\"dateModified\":\"2024-02-27T15:45:16+00:00\",\"breadcrumb\":{\"@id\":\"https:\\\/\\\/www.bibitri.at\\\/en\\\/booksellers\\\/#breadcrumb\"},\"inLanguage\":\"en-US\",\"potentialAction\":[{\"@type\":\"ReadAction\",\"target\":[\"https:\\\/\\\/www.bibitri.at\\\/en\\\/booksellers\\\/\"]}]},{\"@type\":\"BreadcrumbList\",\"@id\":\"https:\\\/\\\/www.bibitri.at\\\/en\\\/booksellers\\\/#breadcrumb\",\"itemListElement\":[{\"@type\":\"ListItem\",\"position\":1,\"name\":\"Startseite\",\"item\":\"https:\\\/\\\/www.bibitri.at\\\/en\\\/\"},{\"@type\":\"ListItem\",\"position\":2,\"name\":\"Booksellers\"}]},{\"@type\":\"WebSite\",\"@id\":\"https:\\\/\\\/www.bibitri.at\\\/en\\\/#website\",\"url\":\"https:\\\/\\\/www.bibitri.at\\\/en\\\/\",\"name\":\"bibitri Verlag\",\"description\":\"\",\"publisher\":{\"@id\":\"https:\\\/\\\/www.bibitri.at\\\/en\\\/#organization\"},\"potentialAction\":[{\"@type\":\"SearchAction\",\"target\":{\"@type\":\"EntryPoint\",\"urlTemplate\":\"https:\\\/\\\/www.bibitri.at\\\/en\\\/?s={search_term_string}\"},\"query-input\":{\"@type\":\"PropertyValueSpecification\",\"valueRequired\":true,\"valueName\":\"search_term_string\"}}],\"inLanguage\":\"en-US\"},{\"@type\":\"Organization\",\"@id\":\"https:\\\/\\\/www.bibitri.at\\\/en\\\/#organization\",\"name\":\"bibitri Verlag\",\"url\":\"https:\\\/\\\/www.bibitri.at\\\/en\\\/\",\"logo\":{\"@type\":\"ImageObject\",\"inLanguage\":\"en-US\",\"@id\":\"https:\\\/\\\/www.bibitri.at\\\/en\\\/#\\\/schema\\\/logo\\\/image\\\/\",\"url\":\"https:\\\/\\\/www.bibitri.at\\\/wp-content\\\/uploads\\\/2022\\\/10\\\/cropped-bibitri-1-1.png\",\"contentUrl\":\"https:\\\/\\\/www.bibitri.at\\\/wp-content\\\/uploads\\\/2022\\\/10\\\/cropped-bibitri-1-1.png\",\"width\":512,\"height\":512,\"caption\":\"bibitri Verlag\"},\"image\":{\"@id\":\"https:\\\/\\\/www.bibitri.at\\\/en\\\/#\\\/schema\\\/logo\\\/image\\\/\"}}]}<\/script>\n<!-- \/ Yoast SEO plugin. -->","yoast_head_json":{"title":"Booksellers - bibitri Verlag","robots":{"index":"index","follow":"follow","max-snippet":"max-snippet:-1","max-image-preview":"max-image-preview:large","max-video-preview":"max-video-preview:-1"},"canonical":"https:\/\/www.bibitri.at\/en\/booksellers\/","og_locale":"en_US","og_type":"article","og_title":"Booksellers - bibitri Verlag","og_description":"Booksellers &amp; Libraries Carinthia 9500 Villach Thalia Atrio K\u00e4rntner Stra\u00dfe 34 9500 Villach Thalia Hauptplatz Hauptplatz 4 9500 Villach Morawa K\u00e4rntner Buchhandlung 8.-Mai-Platz 3 9601 Arnoldstein B\u00e4rnd Buch&amp;Blatt K\u00e4rntner Stra\u00dfe 35 9620 Hermagor Buch Papier Eder Hauptstra\u00dfe 7 9800 Spittal an der Drau Morawa Spittaler Stadtbuchhandlung Tirolerstra\u00dfe 12 9232 Fr\u00f6g bei Rosegg Keltenwelt Fr\u00f6g Bergweg [...]","og_url":"https:\/\/www.bibitri.at\/en\/booksellers\/","og_site_name":"bibitri Verlag","article_modified_time":"2024-02-27T15:45:16+00:00","twitter_card":"summary_large_image","twitter_misc":{"Est. reading time":"2 minutes"},"schema":{"@context":"https:\/\/schema.org","@graph":[{"@type":"WebPage","@id":"https:\/\/www.bibitri.at\/en\/booksellers\/","url":"https:\/\/www.bibitri.at\/en\/booksellers\/","name":"Booksellers - bibitri Verlag","isPartOf":{"@id":"https:\/\/www.bibitri.at\/en\/#website"},"datePublished":"2023-10-12T11:56:21+00:00","dateModified":"2024-02-27T15:45:16+00:00","breadcrumb":{"@id":"https:\/\/www.bibitri.at\/en\/booksellers\/#breadcrumb"},"inLanguage":"en-US","potentialAction":[{"@type":"ReadAction","target":["https:\/\/www.bibitri.at\/en\/booksellers\/"]}]},{"@type":"BreadcrumbList","@id":"https:\/\/www.bibitri.at\/en\/booksellers\/#breadcrumb","itemListElement":[{"@type":"ListItem","position":1,"name":"Startseite","item":"https:\/\/www.bibitri.at\/en\/"},{"@type":"ListItem","position":2,"name":"Booksellers"}]},{"@type":"WebSite","@id":"https:\/\/www.bibitri.at\/en\/#website","url":"https:\/\/www.bibitri.at\/en\/","name":"bibitri Verlag","description":"","publisher":{"@id":"https:\/\/www.bibitri.at\/en\/#organization"},"potentialAction":[{"@type":"SearchAction","target":{"@type":"EntryPoint","urlTemplate":"https:\/\/www.bibitri.at\/en\/?s={search_term_string}"},"query-input":{"@type":"PropertyValueSpecification","valueRequired":true,"valueName":"search_term_string"}}],"inLanguage":"en-US"},{"@type":"Organization","@id":"https:\/\/www.bibitri.at\/en\/#organization","name":"bibitri Verlag","url":"https:\/\/www.bibitri.at\/en\/","logo":{"@type":"ImageObject","inLanguage":"en-US","@id":"https:\/\/www.bibitri.at\/en\/#\/schema\/logo\/image\/","url":"https:\/\/www.bibitri.at\/wp-content\/uploads\/2022\/10\/cropped-bibitri-1-1.png","contentUrl":"https:\/\/www.bibitri.at\/wp-content\/uploads\/2022\/10\/cropped-bibitri-1-1.png","width":512,"height":512,"caption":"bibitri Verlag"},"image":{"@id":"https:\/\/www.bibitri.at\/en\/#\/schema\/logo\/image\/"}}]}},"_links":{"self":[{"href":"https:\/\/www.bibitri.at\/en\/wp-json\/wp\/v2\/pages\/1180","targetHints":{"allow":["GET"]}}],"collection":[{"href":"https:\/\/www.bibitri.at\/en\/wp-json\/wp\/v2\/pages"}],"about":[{"href":"https:\/\/www.bibitri.at\/en\/wp-json\/wp\/v2\/types\/page"}],"author":[{"embeddable":true,"href":"https:\/\/www.bibitri.at\/en\/wp-json\/wp\/v2\/users\/2"}],"replies":[{"embeddable":true,"href":"https:\/\/www.bibitri.at\/en\/wp-json\/wp\/v2\/comments?post=1180"}],"version-history":[{"count":5,"href":"https:\/\/www.bibitri.at\/en\/wp-json\/wp\/v2\/pages\/1180\/revisions"}],"predecessor-version":[{"id":1324,"href":"https:\/\/www.bibitri.at\/en\/wp-json\/wp\/v2\/pages\/1180\/revisions\/1324"}],"wp:attachment":[{"href":"https:\/\/www.bibitri.at\/en\/wp-json\/wp\/v2\/media?parent=1180"}],"curies":[{"name":"wp","href":"https:\/\/api.w.org\/{rel}","templated":true}]}}