{"id":883,"date":"2022-10-19T15:48:41","date_gmt":"2022-10-19T13:48:41","guid":{"rendered":"https:\/\/www.bibitri.at\/revoca\/"},"modified":"2022-11-18T21:28:56","modified_gmt":"2022-11-18T20:28:56","slug":"revoca","status":"publish","type":"page","link":"https:\/\/www.bibitri.at\/it\/revoca\/","title":{"rendered":"Revoca"},"content":{"rendered":"\n<strong>Diritto di revoca<\/strong><p>\nSe il cliente \u00e8 un consumatore ai sensi del KSchG e ha stipulato un contratto a distanza con bibitri Verlag, ha il diritto di revocare il contratto entro quattordici giorni senza indicarne i motivi. Il periodo di recesso \u00e8 di quattordici giorni a partire dal giorno in cui il cliente o un terzo da lui nominato che non sia il vettore ha preso possesso della merce.<br\/> \nPer esercitare il vostro diritto di recesso, dovete informarci della vostra decisione di recedere da questo contratto mediante una dichiarazione esplicita (ad esempio, una lettera inviata per posta o un\u2019e-mail). A tal fine \u00e8 possibile utilizzare il modulo di cancellazione allegato. Il periodo di revoca si considera rispettato se la dichiarazione viene inviata prima della scadenza del periodo di revoca.<br\/>\nSe vi avvalete di questa opzione, vi invieremo immediatamente (via e-mail) una conferma di ricezione di tale revoca.<\/p><p>\n<\/p><p>\n<strong>Conseguenze della revoca<\/strong><br\/>\nSe l&#8217;utente recede dal presente contratto, dobbiamo rimborsare tutti i pagamenti ricevuti dall&#8217;utente, compresi i costi di consegna (ad eccezione dei costi aggiuntivi derivanti dal fatto che l&#8217;utente ha scelto un tipo di consegna diverso dalla consegna standard pi\u00f9 economica da noi offerta), senza indugio e al pi\u00f9 tardi entro quattordici giorni dal giorno in cui abbiamo ricevuto la notifica del recesso dal presente contratto.<br\/>\nPer questo rimborso, utilizzeremo lo stesso mezzo di pagamento utilizzato dall&#8217;utente per la transazione originale, a meno che non sia stato espressamente concordato diversamente con l&#8217;utente. In nessun caso vi verr\u00e0 addebitato il costo di questo rimborso. Potremmo rifiutare il rimborso finch\u00e9 non avremo ricevuto la merce o finch\u00e9 il cliente non avr\u00e0 fornito la prova di averla restituita, a seconda di quale delle due condizioni si verifichi per prima. Il cliente deve restituire o consegnare la merce immediatamente e in ogni caso non oltre quattordici giorni dal giorno in cui ci ha comunicato l&#8217;annullamento del contratto.<br\/> \nIl termine \u00e8 rispettato se si spedisce la merce prima della scadenza del periodo di quattordici giorni.<\/p><p> \nI costi diretti della restituzione della merce sono a carico del cliente.<br\/>\nIl cliente \u00e8 tenuto a pagare l&#8217;eventuale perdita di valore della merce solo se tale perdita di valore \u00e8 dovuta a una manipolazione della merce non necessaria per testare la qualit\u00e0, le caratteristiche e il funzionamento della stessa.<\/p><p>\n<\/p><p>\n<strong>Esclusione del diritto di recesso<\/strong><br\/>\nIl diritto di recesso non si applica ai contratti per la consegna di beni che non sono prefabbricati e per la cui fabbricazione \u00e8 determinante una scelta o una determinazione individuale da parte del consumatore o che sono chiaramente adattati alle sue esigenze personali del consumatore.\n<\/p><p>\n<\/p><p>\n<\/p><p>\n\u2014\u2014\u2014\u2014\u2014\u2014\u2014\u2014\u2014\u2014\u2014\u2014\u2014\u2014\u2014\u2014\u2014\u2014\u2014\u2014\u2014\u2014\u2014\u2014\u2014\u2014\u2014\u2014\u2014\u2014\u2014\u2014\u2014\u2014\u2014\u2014\u2014\u2014\u2014\u2014\u2014\u2014\u2014\u2014\u2014\u2014\u2014\u2014\u2014\u2014\u2014\u2014\u2014\u2014\u2014\u2014\u2014\u2014\u2014\u2014\u2014\u2014\u2014\u2014\u2014\u2014\u2014\u2014\u2014\u2014\u2014\u2014\u2014\u2014\u2014\u2014\u2014\u2014\u2014\u2014<br\/>\n<strong>Modulo di revoca<\/strong>\n<br\/>\n(Se si desidera annullare il contratto, si prega di compilare e restituire il presente modulo).<\/p><p>\nA<br\/>\nbibitri Verlag, Rathausgasse 27<br\/>\n8200 Gleisdorf, \u00d6sterreich \/ Austria<br\/>\nTel. +43 664 345 32 96<br\/>\nE-Mail: buch@bibitri.at<br\/>\n<\/p><p>\n<\/p><ul>\n<li>Con la presente revoco\/revochiamo (*) il contratto da me\/noi (*) stipulato per l\u2019acquisto dei seguenti beni\n<\/li><li>Ordinato il (*)\/ricevuto il (*)\n<\/li><li>Nome del consumatore\n<\/li><li>Indirizzo del consumatore\n<\/li><li>Firma del consumatore (solo in caso di notifica su carta) \n<\/li><li>Data\n<\/li><\/ul>\n<p>\n(*) Cancellare se non pertinente.<\/p>\n","protected":false},"excerpt":{"rendered":"<p>Diritto di revoca Se il cliente \u00e8 un consumatore ai sensi del KSchG e ha stipulato un contratto a distanza con bibitri Verlag, ha il diritto di revocare il contratto entro quattordici giorni senza indicarne i motivi. Il periodo di recesso \u00e8 di quattordici giorni a partire dal giorno in cui il cliente o un [&#8230;]\n","protected":false},"author":2,"featured_media":0,"parent":0,"menu_order":0,"comment_status":"closed","ping_status":"closed","template":"","meta":{"footnotes":""},"class_list":["post-883","page","type-page","status-publish","hentry"],"yoast_head":"<!-- This site is optimized with the Yoast SEO plugin v27.3 - https:\/\/yoast.com\/product\/yoast-seo-wordpress\/ -->\n<title>Revoca - bibitri Verlag<\/title>\n<meta name=\"robots\" content=\"index, follow, max-snippet:-1, max-image-preview:large, max-video-preview:-1\" \/>\n<link rel=\"canonical\" href=\"https:\/\/www.bibitri.at\/it\/revoca\/\" \/>\n<meta property=\"og:locale\" content=\"it_IT\" \/>\n<meta property=\"og:type\" content=\"article\" \/>\n<meta property=\"og:title\" content=\"Revoca - bibitri Verlag\" \/>\n<meta property=\"og:description\" content=\"Diritto di revoca Se il cliente \u00e8 un consumatore ai sensi del KSchG e ha stipulato un contratto a distanza con bibitri Verlag, ha il diritto di revocare il contratto entro quattordici giorni senza indicarne i motivi. Il periodo di recesso \u00e8 di quattordici giorni a partire dal giorno in cui il cliente o un [...]\" \/>\n<meta property=\"og:url\" content=\"https:\/\/www.bibitri.at\/it\/revoca\/\" \/>\n<meta property=\"og:site_name\" content=\"bibitri Verlag\" \/>\n<meta property=\"article:modified_time\" content=\"2022-11-18T20:28:56+00:00\" \/>\n<meta name=\"twitter:card\" content=\"summary_large_image\" \/>\n<meta name=\"twitter:label1\" content=\"Tempo di lettura stimato\" \/>\n\t<meta name=\"twitter:data1\" content=\"2 minuti\" \/>\n<script type=\"application\/ld+json\" class=\"yoast-schema-graph\">{\"@context\":\"https:\\\/\\\/schema.org\",\"@graph\":[{\"@type\":\"WebPage\",\"@id\":\"https:\\\/\\\/www.bibitri.at\\\/it\\\/revoca\\\/\",\"url\":\"https:\\\/\\\/www.bibitri.at\\\/it\\\/revoca\\\/\",\"name\":\"Revoca - bibitri Verlag\",\"isPartOf\":{\"@id\":\"https:\\\/\\\/www.bibitri.at\\\/it\\\/#website\"},\"datePublished\":\"2022-10-19T13:48:41+00:00\",\"dateModified\":\"2022-11-18T20:28:56+00:00\",\"breadcrumb\":{\"@id\":\"https:\\\/\\\/www.bibitri.at\\\/it\\\/revoca\\\/#breadcrumb\"},\"inLanguage\":\"it-IT\",\"potentialAction\":[{\"@type\":\"ReadAction\",\"target\":[\"https:\\\/\\\/www.bibitri.at\\\/it\\\/revoca\\\/\"]}]},{\"@type\":\"BreadcrumbList\",\"@id\":\"https:\\\/\\\/www.bibitri.at\\\/it\\\/revoca\\\/#breadcrumb\",\"itemListElement\":[{\"@type\":\"ListItem\",\"position\":1,\"name\":\"Startseite\",\"item\":\"https:\\\/\\\/www.bibitri.at\\\/it\\\/\"},{\"@type\":\"ListItem\",\"position\":2,\"name\":\"Revoca\"}]},{\"@type\":\"WebSite\",\"@id\":\"https:\\\/\\\/www.bibitri.at\\\/it\\\/#website\",\"url\":\"https:\\\/\\\/www.bibitri.at\\\/it\\\/\",\"name\":\"bibitri Verlag\",\"description\":\"\",\"publisher\":{\"@id\":\"https:\\\/\\\/www.bibitri.at\\\/it\\\/#organization\"},\"potentialAction\":[{\"@type\":\"SearchAction\",\"target\":{\"@type\":\"EntryPoint\",\"urlTemplate\":\"https:\\\/\\\/www.bibitri.at\\\/it\\\/?s={search_term_string}\"},\"query-input\":{\"@type\":\"PropertyValueSpecification\",\"valueRequired\":true,\"valueName\":\"search_term_string\"}}],\"inLanguage\":\"it-IT\"},{\"@type\":\"Organization\",\"@id\":\"https:\\\/\\\/www.bibitri.at\\\/it\\\/#organization\",\"name\":\"bibitri Verlag\",\"url\":\"https:\\\/\\\/www.bibitri.at\\\/it\\\/\",\"logo\":{\"@type\":\"ImageObject\",\"inLanguage\":\"it-IT\",\"@id\":\"https:\\\/\\\/www.bibitri.at\\\/it\\\/#\\\/schema\\\/logo\\\/image\\\/\",\"url\":\"https:\\\/\\\/www.bibitri.at\\\/wp-content\\\/uploads\\\/2022\\\/10\\\/cropped-bibitri-1-1.png\",\"contentUrl\":\"https:\\\/\\\/www.bibitri.at\\\/wp-content\\\/uploads\\\/2022\\\/10\\\/cropped-bibitri-1-1.png\",\"width\":512,\"height\":512,\"caption\":\"bibitri Verlag\"},\"image\":{\"@id\":\"https:\\\/\\\/www.bibitri.at\\\/it\\\/#\\\/schema\\\/logo\\\/image\\\/\"}}]}<\/script>\n<!-- \/ Yoast SEO plugin. -->","yoast_head_json":{"title":"Revoca - bibitri Verlag","robots":{"index":"index","follow":"follow","max-snippet":"max-snippet:-1","max-image-preview":"max-image-preview:large","max-video-preview":"max-video-preview:-1"},"canonical":"https:\/\/www.bibitri.at\/it\/revoca\/","og_locale":"it_IT","og_type":"article","og_title":"Revoca - bibitri Verlag","og_description":"Diritto di revoca Se il cliente \u00e8 un consumatore ai sensi del KSchG e ha stipulato un contratto a distanza con bibitri Verlag, ha il diritto di revocare il contratto entro quattordici giorni senza indicarne i motivi. Il periodo di recesso \u00e8 di quattordici giorni a partire dal giorno in cui il cliente o un [...]","og_url":"https:\/\/www.bibitri.at\/it\/revoca\/","og_site_name":"bibitri Verlag","article_modified_time":"2022-11-18T20:28:56+00:00","twitter_card":"summary_large_image","twitter_misc":{"Tempo di lettura stimato":"2 minuti"},"schema":{"@context":"https:\/\/schema.org","@graph":[{"@type":"WebPage","@id":"https:\/\/www.bibitri.at\/it\/revoca\/","url":"https:\/\/www.bibitri.at\/it\/revoca\/","name":"Revoca - bibitri Verlag","isPartOf":{"@id":"https:\/\/www.bibitri.at\/it\/#website"},"datePublished":"2022-10-19T13:48:41+00:00","dateModified":"2022-11-18T20:28:56+00:00","breadcrumb":{"@id":"https:\/\/www.bibitri.at\/it\/revoca\/#breadcrumb"},"inLanguage":"it-IT","potentialAction":[{"@type":"ReadAction","target":["https:\/\/www.bibitri.at\/it\/revoca\/"]}]},{"@type":"BreadcrumbList","@id":"https:\/\/www.bibitri.at\/it\/revoca\/#breadcrumb","itemListElement":[{"@type":"ListItem","position":1,"name":"Startseite","item":"https:\/\/www.bibitri.at\/it\/"},{"@type":"ListItem","position":2,"name":"Revoca"}]},{"@type":"WebSite","@id":"https:\/\/www.bibitri.at\/it\/#website","url":"https:\/\/www.bibitri.at\/it\/","name":"bibitri Verlag","description":"","publisher":{"@id":"https:\/\/www.bibitri.at\/it\/#organization"},"potentialAction":[{"@type":"SearchAction","target":{"@type":"EntryPoint","urlTemplate":"https:\/\/www.bibitri.at\/it\/?s={search_term_string}"},"query-input":{"@type":"PropertyValueSpecification","valueRequired":true,"valueName":"search_term_string"}}],"inLanguage":"it-IT"},{"@type":"Organization","@id":"https:\/\/www.bibitri.at\/it\/#organization","name":"bibitri Verlag","url":"https:\/\/www.bibitri.at\/it\/","logo":{"@type":"ImageObject","inLanguage":"it-IT","@id":"https:\/\/www.bibitri.at\/it\/#\/schema\/logo\/image\/","url":"https:\/\/www.bibitri.at\/wp-content\/uploads\/2022\/10\/cropped-bibitri-1-1.png","contentUrl":"https:\/\/www.bibitri.at\/wp-content\/uploads\/2022\/10\/cropped-bibitri-1-1.png","width":512,"height":512,"caption":"bibitri Verlag"},"image":{"@id":"https:\/\/www.bibitri.at\/it\/#\/schema\/logo\/image\/"}}]}},"_links":{"self":[{"href":"https:\/\/www.bibitri.at\/it\/wp-json\/wp\/v2\/pages\/883","targetHints":{"allow":["GET"]}}],"collection":[{"href":"https:\/\/www.bibitri.at\/it\/wp-json\/wp\/v2\/pages"}],"about":[{"href":"https:\/\/www.bibitri.at\/it\/wp-json\/wp\/v2\/types\/page"}],"author":[{"embeddable":true,"href":"https:\/\/www.bibitri.at\/it\/wp-json\/wp\/v2\/users\/2"}],"replies":[{"embeddable":true,"href":"https:\/\/www.bibitri.at\/it\/wp-json\/wp\/v2\/comments?post=883"}],"version-history":[{"count":4,"href":"https:\/\/www.bibitri.at\/it\/wp-json\/wp\/v2\/pages\/883\/revisions"}],"predecessor-version":[{"id":1037,"href":"https:\/\/www.bibitri.at\/it\/wp-json\/wp\/v2\/pages\/883\/revisions\/1037"}],"wp:attachment":[{"href":"https:\/\/www.bibitri.at\/it\/wp-json\/wp\/v2\/media?parent=883"}],"curies":[{"name":"wp","href":"https:\/\/api.w.org\/{rel}","templated":true}]}}