{"id":842,"date":"2022-08-19T15:30:59","date_gmt":"2022-08-19T13:30:59","guid":{"rendered":"https:\/\/www.bibitri.at\/produkt\/il-monte-inondato-di-luce-lussari\/"},"modified":"2023-05-22T20:04:38","modified_gmt":"2023-05-22T18:04:38","slug":"il-monte-inondato-di-luce-lussari","status":"publish","type":"product","link":"https:\/\/www.bibitri.at\/it\/produkt\/il-monte-inondato-di-luce-lussari\/","title":{"rendered":"Il Monte inondato di luce \u2013 LUSSARI"},"content":{"rendered":"<p><strong>Mito e religione naturale delle Montagne Sacre<\/strong><\/p>\n<p>Se si esamina la storia dell&#8217;origine della tradizione del Lussari prescindendo dal miracolo cristiano, la figura votiva ritrovata in questo luogo rivela un passato pagano della montagna sacra. Il libro ricostruisce le tracce di questa venerazione fino alla lontana preistoria e ai fenomeni naturali che l&#8217;hanno originata. Ci\u00f2 \u00e8 stato ottenuto facendo risalire il mito delle montagne sacre, con le loro sorgenti d&#8217;acqua donatrici di fertilit\u00e0, alla patria originaria dei popoli indoeuropei e al Monte Elbrus nel Caucaso. Nelle loro migrazioni questi antichi popoli hanno realizzato le loro visioni anche nelle Alpi Giulie.<\/p>\n<p class=\"p1\"><span class=\"s1\">Analizzando gli antichi contesti religiosi, l&#8217;autore riesce a ricostruire il santuario naturale con la montagna centrale degli dei (Mangart) e i suoi fiumi consacrati a divinit\u00e0. Ora si capisce quali poteri mitici i primi pellegrini del Lussari si auguravano da questa montagna suggestiva. Inoltre, si spiegano anche i nomi legati al dio del sole (Bel) e alla sua dea, nonch\u00e9 la funzione di vari siti antichi lungo la strada romana sotto il Monte Lussari:<\/span><\/p>\n<ul class=\"ul1\">\n<li class=\"li2\"><span class=\"s1\">Belloio (il percorso fino e oltre lo spartiacque)<\/span><\/li>\n<li class=\"li2\"><span class=\"s1\">Bilachinium (le due sorgenti dello spartiacque consacrate alla dea Hera\/ Giunone)<\/span><\/li>\n<li class=\"li2\"><span class=\"s1\">Noreia (Santuario dell&#8217;identica dea norica e sede di un&#8217;antica battaglia)<\/span><\/li>\n<li class=\"li2\"><span class=\"s1\">Beliag (Santuario del dio Bel, il nome celtico ora scoperto dell&#8217;antica Villach).<\/span><\/li>\n<\/ul>\n<p class=\"p1\"><span class=\"s1\"><b>L&#8217;autore:<\/b><br \/>\nHelmut Tributsch \u00e8 cresciuto a San Leopoldo (Valcanale) in vista del Monte Lussari. La leggenda e lo sfondo spirituale di questo luogo di pellegrinaggio nel suo paesaggio montano mozzafiato lo hanno occupato fin dall\u2019infanzia. Dopo una vita professionale come scienziato e professore universitario in luoghi lontani, \u00e8 tornato alla sua casa natale. Ora ha trovato il tempo e si \u00e8 sentito abbastanza esperto per andare in fondo a questo mito di una montagna sacra. <a href=\"http:\/\/www.helmut-tributsch.it\/\" target=\"\u201d_blank\u201d\" rel=\"noopener\"><span class=\"s2\"><b>www.helmut-tributsch.it<\/b><\/span><\/a><\/span><\/p>\n","protected":false},"excerpt":{"rendered":"<p>&nbsp;<\/p>\n<p>La ricerca delle origini precristiane della tradizione del pellegrinaggio sul Monte Lussari (Italia settentrionale) si trasforma in un viaggio investigativo nel lontano passato. Attraverso l&#8217;area di origine indoeuropea e le montagne sacre della regione eurasiatica, vengono decifrati esperienze naturali dimenticate, miti e rituali. Tornando all&#8217;imponente massiccio montuoso giuliano, si comprende il misterioso mondo della religione naturale cos\u00ec riscoperta.<\/p>\n<ul>\n<li>Libro: 240 pagine, testo con 182 immagini<\/li>\n<li>Autore: Helmut Tributsch<\/li>\n<li>Lingua: italiano<\/li>\n<li>Formato: 21,6 x 27,6 cm; ca. 1290 g<\/li>\n<li>Con copertina rigida e segnalibro<\/li>\n<\/ul>\n<p>Traduzione dal tedesco all&#8217;italiano:<br \/>\nRenate Tributsch Giordano, docente e consulente didattica presso l&#8217;Istituto Culturale Tedesco &#8220;Goethe Institut&#8221; di Milano, adesso in pensione.<\/p>\n","protected":false},"featured_media":493,"template":"","meta":[],"product_brand":[],"product_cat":[115],"product_tag":[],"class_list":{"0":"post-842","1":"product","2":"type-product","3":"status-publish","4":"has-post-thumbnail","6":"product_cat-libri","8":"first","9":"instock","10":"taxable","11":"shipping-taxable","12":"purchasable","13":"product-type-simple"},"yoast_head":"<!-- This site is optimized with the Yoast SEO plugin v27.3 - https:\/\/yoast.com\/product\/yoast-seo-wordpress\/ -->\n<title>Il Monte inondato di luce \u2013 LUSSARI - bibitri Verlag<\/title>\n<meta name=\"robots\" content=\"index, follow, max-snippet:-1, max-image-preview:large, max-video-preview:-1\" \/>\n<link rel=\"canonical\" href=\"https:\/\/www.bibitri.at\/it\/produkt\/il-monte-inondato-di-luce-lussari\/\" \/>\n<meta property=\"og:locale\" content=\"it_IT\" \/>\n<meta property=\"og:type\" content=\"article\" \/>\n<meta property=\"og:title\" content=\"Il Monte inondato di luce \u2013 LUSSARI - bibitri Verlag\" \/>\n<meta property=\"og:description\" content=\"&nbsp;  La ricerca delle origini precristiane della tradizione del pellegrinaggio sul Monte Lussari (Italia settentrionale) si trasforma in un viaggio investigativo nel lontano passato. Attraverso l&#039;area di origine indoeuropea e le montagne sacre della regione eurasiatica, vengono decifrati esperienze naturali dimenticate, miti e rituali. Tornando all&#039;imponente massiccio montuoso giuliano, si comprende il misterioso mondo della religione naturale cos\u00ec riscoperta.   Libro: 240 pagine, testo con 182 immagini  Autore: Helmut Tributsch  Lingua: italiano  Formato: 21,6 x 27,6 cm; ca. 1290 g  Con copertina rigida e segnalibro  Traduzione dal tedesco all&#039;italiano: Renate Tributsch Giordano, docente e consulente didattica presso l&#039;Istituto Culturale Tedesco &quot;Goethe Institut&quot; di Milano, adesso in pensione.\" \/>\n<meta property=\"og:url\" content=\"https:\/\/www.bibitri.at\/it\/produkt\/il-monte-inondato-di-luce-lussari\/\" \/>\n<meta property=\"og:site_name\" content=\"bibitri Verlag\" \/>\n<meta property=\"article:modified_time\" content=\"2023-05-22T18:04:38+00:00\" \/>\n<meta property=\"og:image\" content=\"https:\/\/www.bibitri.at\/wp-content\/uploads\/2022\/08\/Il_Monte_inondato_di_luce.jpg\" \/>\n\t<meta property=\"og:image:width\" content=\"1223\" \/>\n\t<meta property=\"og:image:height\" content=\"1600\" \/>\n\t<meta property=\"og:image:type\" content=\"image\/jpeg\" \/>\n<meta name=\"twitter:card\" content=\"summary_large_image\" \/>\n<meta name=\"twitter:label1\" content=\"Tempo di lettura stimato\" \/>\n\t<meta name=\"twitter:data1\" content=\"2 minuti\" \/>\n<script type=\"application\/ld+json\" class=\"yoast-schema-graph\">{\"@context\":\"https:\\\/\\\/schema.org\",\"@graph\":[{\"@type\":\"WebPage\",\"@id\":\"https:\\\/\\\/www.bibitri.at\\\/it\\\/produkt\\\/il-monte-inondato-di-luce-lussari\\\/\",\"url\":\"https:\\\/\\\/www.bibitri.at\\\/it\\\/produkt\\\/il-monte-inondato-di-luce-lussari\\\/\",\"name\":\"Il Monte inondato di luce \u2013 LUSSARI - bibitri Verlag\",\"isPartOf\":{\"@id\":\"https:\\\/\\\/www.bibitri.at\\\/it\\\/#website\"},\"primaryImageOfPage\":{\"@id\":\"https:\\\/\\\/www.bibitri.at\\\/it\\\/produkt\\\/il-monte-inondato-di-luce-lussari\\\/#primaryimage\"},\"image\":{\"@id\":\"https:\\\/\\\/www.bibitri.at\\\/it\\\/produkt\\\/il-monte-inondato-di-luce-lussari\\\/#primaryimage\"},\"thumbnailUrl\":\"https:\\\/\\\/www.bibitri.at\\\/wp-content\\\/uploads\\\/2022\\\/08\\\/Il_Monte_inondato_di_luce.jpg\",\"datePublished\":\"2022-08-19T13:30:59+00:00\",\"dateModified\":\"2023-05-22T18:04:38+00:00\",\"breadcrumb\":{\"@id\":\"https:\\\/\\\/www.bibitri.at\\\/it\\\/produkt\\\/il-monte-inondato-di-luce-lussari\\\/#breadcrumb\"},\"inLanguage\":\"it-IT\",\"potentialAction\":[{\"@type\":\"ReadAction\",\"target\":[\"https:\\\/\\\/www.bibitri.at\\\/it\\\/produkt\\\/il-monte-inondato-di-luce-lussari\\\/\"]}]},{\"@type\":\"ImageObject\",\"inLanguage\":\"it-IT\",\"@id\":\"https:\\\/\\\/www.bibitri.at\\\/it\\\/produkt\\\/il-monte-inondato-di-luce-lussari\\\/#primaryimage\",\"url\":\"https:\\\/\\\/www.bibitri.at\\\/wp-content\\\/uploads\\\/2022\\\/08\\\/Il_Monte_inondato_di_luce.jpg\",\"contentUrl\":\"https:\\\/\\\/www.bibitri.at\\\/wp-content\\\/uploads\\\/2022\\\/08\\\/Il_Monte_inondato_di_luce.jpg\",\"width\":1223,\"height\":1600},{\"@type\":\"BreadcrumbList\",\"@id\":\"https:\\\/\\\/www.bibitri.at\\\/it\\\/produkt\\\/il-monte-inondato-di-luce-lussari\\\/#breadcrumb\",\"itemListElement\":[{\"@type\":\"ListItem\",\"position\":1,\"name\":\"Startseite\",\"item\":\"https:\\\/\\\/www.bibitri.at\\\/it\\\/\"},{\"@type\":\"ListItem\",\"position\":2,\"name\":\"Shop\",\"item\":\"https:\\\/\\\/www.bibitri.at\\\/it\\\/shop\\\/\"},{\"@type\":\"ListItem\",\"position\":3,\"name\":\"Il Monte inondato di luce \u2013 LUSSARI\"}]},{\"@type\":\"WebSite\",\"@id\":\"https:\\\/\\\/www.bibitri.at\\\/it\\\/#website\",\"url\":\"https:\\\/\\\/www.bibitri.at\\\/it\\\/\",\"name\":\"bibitri Verlag\",\"description\":\"\",\"publisher\":{\"@id\":\"https:\\\/\\\/www.bibitri.at\\\/it\\\/#organization\"},\"potentialAction\":[{\"@type\":\"SearchAction\",\"target\":{\"@type\":\"EntryPoint\",\"urlTemplate\":\"https:\\\/\\\/www.bibitri.at\\\/it\\\/?s={search_term_string}\"},\"query-input\":{\"@type\":\"PropertyValueSpecification\",\"valueRequired\":true,\"valueName\":\"search_term_string\"}}],\"inLanguage\":\"it-IT\"},{\"@type\":\"Organization\",\"@id\":\"https:\\\/\\\/www.bibitri.at\\\/it\\\/#organization\",\"name\":\"bibitri Verlag\",\"url\":\"https:\\\/\\\/www.bibitri.at\\\/it\\\/\",\"logo\":{\"@type\":\"ImageObject\",\"inLanguage\":\"it-IT\",\"@id\":\"https:\\\/\\\/www.bibitri.at\\\/it\\\/#\\\/schema\\\/logo\\\/image\\\/\",\"url\":\"https:\\\/\\\/www.bibitri.at\\\/wp-content\\\/uploads\\\/2022\\\/10\\\/cropped-bibitri-1-1.png\",\"contentUrl\":\"https:\\\/\\\/www.bibitri.at\\\/wp-content\\\/uploads\\\/2022\\\/10\\\/cropped-bibitri-1-1.png\",\"width\":512,\"height\":512,\"caption\":\"bibitri Verlag\"},\"image\":{\"@id\":\"https:\\\/\\\/www.bibitri.at\\\/it\\\/#\\\/schema\\\/logo\\\/image\\\/\"}}]}<\/script>\n<!-- \/ Yoast SEO plugin. -->","yoast_head_json":{"title":"Il Monte inondato di luce \u2013 LUSSARI - bibitri Verlag","robots":{"index":"index","follow":"follow","max-snippet":"max-snippet:-1","max-image-preview":"max-image-preview:large","max-video-preview":"max-video-preview:-1"},"canonical":"https:\/\/www.bibitri.at\/it\/produkt\/il-monte-inondato-di-luce-lussari\/","og_locale":"it_IT","og_type":"article","og_title":"Il Monte inondato di luce \u2013 LUSSARI - bibitri Verlag","og_description":"&nbsp;  La ricerca delle origini precristiane della tradizione del pellegrinaggio sul Monte Lussari (Italia settentrionale) si trasforma in un viaggio investigativo nel lontano passato. Attraverso l'area di origine indoeuropea e le montagne sacre della regione eurasiatica, vengono decifrati esperienze naturali dimenticate, miti e rituali. Tornando all'imponente massiccio montuoso giuliano, si comprende il misterioso mondo della religione naturale cos\u00ec riscoperta.   Libro: 240 pagine, testo con 182 immagini  Autore: Helmut Tributsch  Lingua: italiano  Formato: 21,6 x 27,6 cm; ca. 1290 g  Con copertina rigida e segnalibro  Traduzione dal tedesco all'italiano: Renate Tributsch Giordano, docente e consulente didattica presso l'Istituto Culturale Tedesco \"Goethe Institut\" di Milano, adesso in pensione.","og_url":"https:\/\/www.bibitri.at\/it\/produkt\/il-monte-inondato-di-luce-lussari\/","og_site_name":"bibitri Verlag","article_modified_time":"2023-05-22T18:04:38+00:00","og_image":[{"width":1223,"height":1600,"url":"https:\/\/www.bibitri.at\/wp-content\/uploads\/2022\/08\/Il_Monte_inondato_di_luce.jpg","type":"image\/jpeg"}],"twitter_card":"summary_large_image","twitter_misc":{"Tempo di lettura stimato":"2 minuti"},"schema":{"@context":"https:\/\/schema.org","@graph":[{"@type":"WebPage","@id":"https:\/\/www.bibitri.at\/it\/produkt\/il-monte-inondato-di-luce-lussari\/","url":"https:\/\/www.bibitri.at\/it\/produkt\/il-monte-inondato-di-luce-lussari\/","name":"Il Monte inondato di luce \u2013 LUSSARI - bibitri Verlag","isPartOf":{"@id":"https:\/\/www.bibitri.at\/it\/#website"},"primaryImageOfPage":{"@id":"https:\/\/www.bibitri.at\/it\/produkt\/il-monte-inondato-di-luce-lussari\/#primaryimage"},"image":{"@id":"https:\/\/www.bibitri.at\/it\/produkt\/il-monte-inondato-di-luce-lussari\/#primaryimage"},"thumbnailUrl":"https:\/\/www.bibitri.at\/wp-content\/uploads\/2022\/08\/Il_Monte_inondato_di_luce.jpg","datePublished":"2022-08-19T13:30:59+00:00","dateModified":"2023-05-22T18:04:38+00:00","breadcrumb":{"@id":"https:\/\/www.bibitri.at\/it\/produkt\/il-monte-inondato-di-luce-lussari\/#breadcrumb"},"inLanguage":"it-IT","potentialAction":[{"@type":"ReadAction","target":["https:\/\/www.bibitri.at\/it\/produkt\/il-monte-inondato-di-luce-lussari\/"]}]},{"@type":"ImageObject","inLanguage":"it-IT","@id":"https:\/\/www.bibitri.at\/it\/produkt\/il-monte-inondato-di-luce-lussari\/#primaryimage","url":"https:\/\/www.bibitri.at\/wp-content\/uploads\/2022\/08\/Il_Monte_inondato_di_luce.jpg","contentUrl":"https:\/\/www.bibitri.at\/wp-content\/uploads\/2022\/08\/Il_Monte_inondato_di_luce.jpg","width":1223,"height":1600},{"@type":"BreadcrumbList","@id":"https:\/\/www.bibitri.at\/it\/produkt\/il-monte-inondato-di-luce-lussari\/#breadcrumb","itemListElement":[{"@type":"ListItem","position":1,"name":"Startseite","item":"https:\/\/www.bibitri.at\/it\/"},{"@type":"ListItem","position":2,"name":"Shop","item":"https:\/\/www.bibitri.at\/it\/shop\/"},{"@type":"ListItem","position":3,"name":"Il Monte inondato di luce \u2013 LUSSARI"}]},{"@type":"WebSite","@id":"https:\/\/www.bibitri.at\/it\/#website","url":"https:\/\/www.bibitri.at\/it\/","name":"bibitri Verlag","description":"","publisher":{"@id":"https:\/\/www.bibitri.at\/it\/#organization"},"potentialAction":[{"@type":"SearchAction","target":{"@type":"EntryPoint","urlTemplate":"https:\/\/www.bibitri.at\/it\/?s={search_term_string}"},"query-input":{"@type":"PropertyValueSpecification","valueRequired":true,"valueName":"search_term_string"}}],"inLanguage":"it-IT"},{"@type":"Organization","@id":"https:\/\/www.bibitri.at\/it\/#organization","name":"bibitri Verlag","url":"https:\/\/www.bibitri.at\/it\/","logo":{"@type":"ImageObject","inLanguage":"it-IT","@id":"https:\/\/www.bibitri.at\/it\/#\/schema\/logo\/image\/","url":"https:\/\/www.bibitri.at\/wp-content\/uploads\/2022\/10\/cropped-bibitri-1-1.png","contentUrl":"https:\/\/www.bibitri.at\/wp-content\/uploads\/2022\/10\/cropped-bibitri-1-1.png","width":512,"height":512,"caption":"bibitri Verlag"},"image":{"@id":"https:\/\/www.bibitri.at\/it\/#\/schema\/logo\/image\/"}}]}},"_links":{"self":[{"href":"https:\/\/www.bibitri.at\/it\/wp-json\/wp\/v2\/product\/842","targetHints":{"allow":["GET"]}}],"collection":[{"href":"https:\/\/www.bibitri.at\/it\/wp-json\/wp\/v2\/product"}],"about":[{"href":"https:\/\/www.bibitri.at\/it\/wp-json\/wp\/v2\/types\/product"}],"wp:featuredmedia":[{"embeddable":true,"href":"https:\/\/www.bibitri.at\/it\/wp-json\/wp\/v2\/media\/493"}],"wp:attachment":[{"href":"https:\/\/www.bibitri.at\/it\/wp-json\/wp\/v2\/media?parent=842"}],"wp:term":[{"taxonomy":"product_brand","embeddable":true,"href":"https:\/\/www.bibitri.at\/it\/wp-json\/wp\/v2\/product_brand?post=842"},{"taxonomy":"product_cat","embeddable":true,"href":"https:\/\/www.bibitri.at\/it\/wp-json\/wp\/v2\/product_cat?post=842"},{"taxonomy":"product_tag","embeddable":true,"href":"https:\/\/www.bibitri.at\/it\/wp-json\/wp\/v2\/product_tag?post=842"}],"curies":[{"name":"wp","href":"https:\/\/api.w.org\/{rel}","templated":true}]}}